{"id":686,"date":"2024-04-15T15:36:15","date_gmt":"2024-04-15T15:36:15","guid":{"rendered":"https:\/\/mallorcatransferspellicer.com\/?page_id=686"},"modified":"2024-04-15T15:41:23","modified_gmt":"2024-04-15T15:41:23","slug":"retorno_ok","status":"publish","type":"page","link":"https:\/\/mallorcatransferspellicer.com\/de\/retorno_ok\/","title":{"rendered":"retorno_ok"},"content":{"rendered":"<div class=\"content-area\"><main><section class=\"message\"><header><h1>\u00a1Ha habido un problema al procesar el pago!<\/h1><\/header><div><p>La firma de autenticaci\u00f3n no es v\u00e1lida. Por favor, contacta directamente con atenci\u00f3n al cliente para resolver el problema.<\/p><\/div><\/section><\/main><\/div>\n","protected":false},"excerpt":{"rendered":"","protected":false},"author":2,"featured_media":0,"parent":0,"menu_order":0,"comment_status":"closed","ping_status":"closed","template":"","meta":{"_glsr_average":0,"_glsr_ranking":0,"_glsr_reviews":0,"footnotes":""},"class_list":["post-686","page","type-page","status-publish","hentry"],"_links":{"self":[{"href":"https:\/\/mallorcatransferspellicer.com\/de\/wp-json\/wp\/v2\/pages\/686","targetHints":{"allow":["GET"]}}],"collection":[{"href":"https:\/\/mallorcatransferspellicer.com\/de\/wp-json\/wp\/v2\/pages"}],"about":[{"href":"https:\/\/mallorcatransferspellicer.com\/de\/wp-json\/wp\/v2\/types\/page"}],"author":[{"embeddable":true,"href":"https:\/\/mallorcatransferspellicer.com\/de\/wp-json\/wp\/v2\/users\/2"}],"replies":[{"embeddable":true,"href":"https:\/\/mallorcatransferspellicer.com\/de\/wp-json\/wp\/v2\/comments?post=686"}],"version-history":[{"count":1,"href":"https:\/\/mallorcatransferspellicer.com\/de\/wp-json\/wp\/v2\/pages\/686\/revisions"}],"predecessor-version":[{"id":687,"href":"https:\/\/mallorcatransferspellicer.com\/de\/wp-json\/wp\/v2\/pages\/686\/revisions\/687"}],"wp:attachment":[{"href":"https:\/\/mallorcatransferspellicer.com\/de\/wp-json\/wp\/v2\/media?parent=686"}],"curies":[{"name":"wp","href":"https:\/\/api.w.org\/{rel}","templated":true}]}}