{"id":294,"date":"2023-03-14T11:53:17","date_gmt":"2023-03-14T11:53:17","guid":{"rendered":"https:\/\/mallorcatransferspellicer.com\/?page_id=294"},"modified":"2024-05-22T10:40:30","modified_gmt":"2024-05-22T10:40:30","slug":"faqs","status":"publish","type":"page","link":"https:\/\/mallorcatransferspellicer.com\/de\/faqs\/","title":{"rendered":"FAQs"},"content":{"rendered":"\n<div class=\"wp-block-cover alignfull is-light marginbottom50\"><span aria-hidden=\"true\" class=\"wp-block-cover__background has-background-dim-0 has-background-dim\" style=\"background-color:#a2a5a4\"><\/span><img loading=\"lazy\" decoding=\"async\" width=\"1024\" height=\"683\" class=\"wp-block-cover__image-background wp-image-704\" alt=\"\" src=\"https:\/\/mallorcatransferspellicer.com\/wp-content\/uploads\/2024\/04\/preguntas-frecuentes.jpg\" data-object-fit=\"cover\" srcset=\"https:\/\/mallorcatransferspellicer.com\/wp-content\/uploads\/2024\/04\/preguntas-frecuentes.jpg 1024w, https:\/\/mallorcatransferspellicer.com\/wp-content\/uploads\/2024\/04\/preguntas-frecuentes-300x200.jpg 300w, https:\/\/mallorcatransferspellicer.com\/wp-content\/uploads\/2024\/04\/preguntas-frecuentes-768x512.jpg 768w\" sizes=\"auto, (max-width: 1024px) 100vw, 1024px\" \/><div class=\"wp-block-cover__inner-container is-layout-flow wp-block-cover-is-layout-flow\">\n<p class=\"has-text-align-center has-large-font-size\"><\/p>\n<\/div><\/div>\n\n\n\n<h2 class=\"wp-block-heading faq has-text-color\" style=\"color:#011f37\">Wie erfolgt die Reservierung?<\/h2>\n\n\n\n<p class=\"has-text-color\" style=\"color:#011f37\">Die Reservierung kann sicher und vollst\u00e4ndig garantiert \u00fcber das RESERVIERUNGSFORMULAR vorgenommen werden.<br>\nAm Ende des Reservierungsvorgangs erh\u00e4lt der Benutzer eine E-Mail mit allen Details der\nvorgenommenen Reservierung und den Kontaktdaten des Fahrers. Diese E-Mail ist Ihre\nReservierungsgarantie.<br>\nSofortige Abholung mit Schild am AIRPORT MEETING POINT\/TREFFPUNKT (GATE C), ohne\nWartezeit, und direkter Transfer zum Zielort. Der Preis beinhaltet einen Koffer und ein Handgep\u00e4ckst\u00fcck pro Person.<\/p>\n\n\n\n<h2 class=\"wp-block-heading faq has-text-color\" style=\"color:#0979b0\">Was ist die Mindestzeit f\u00fcr die Reservierung?<\/h2>\n\n\n\n<p class=\"has-text-color\" style=\"color:#0979b0\">LOnline-Reservierungen m\u00fcssen mindestens 72 Stunden vor dem Datum des Transfers vorgenommen werden.<br>\nF\u00fcr den Fall, dass es in k\u00fcrzerer Zeit durchgef\u00fchrt werden muss, m\u00fcssen sie per WhatsApp\nunter Tel. 637 74 14 18 kommunizieren.<\/p>\n\n\n\n<h2 class=\"wp-block-heading faq has-text-color\" style=\"color:#011f37\">Abholung am Flughafen \/ Unterkunft<\/h2>\n\n\n\n<p class=\"has-text-color\" style=\"color:#011f37\">Am Flughafen von Palma de Mallorca erwartet Sie der Fahrer am MEETING POINT\/TREFFPUNKT vor Gate C Arrivals (Ausgang C Ank\u00fcnfte) mit einem Schild mit Ihrem Namen.<br>\nSie werden von Ihrem Fahrer an der T\u00fcr Ihrer Unterkunft abgeholt. Die Abholzeit ist bereits auf dem Gutschein angegeben, der Ihnen bei der Reservierung per E-Mail zugeschickt\nwurde, und Sie erhalten 12 Stunden vor dem Transfer eine R\u00fcckbest\u00e4tigung per\nWhatsApp\/SMS.<\/p>\n\n\n\n<h2 class=\"wp-block-heading faq has-text-color\" style=\"color:#0979b0\">Wie bezahle ich die Reservierung?<\/h2>\n\n\n\n<p class=\"has-text-color\" style=\"color:#0979b0\">Die Reservierung wird zum Zeitpunkt der Durchf\u00fchrung bezahlt. Wir akzeptieren zur Zahlung:<br>\n&#8211; Kreditkarte (VISA\/MASTERCARD)<br>\n&#8211; PayPal<br>\n&#8211; Bizum<\/p>\n\n\n\n<h2 class=\"wp-block-heading faq has-text-color\" style=\"color:#011f37\">Was passiert, wenn mein Flug Versp\u00e4tung hat?<\/h2>\n\n\n\n<p class=\"has-text-color\" style=\"color:#011f37\">Wenn Sie Ihre Abflugzeit, aber nicht die Flugnummer ge\u00e4ndert haben, m\u00fcssen Sie uns dies nicht mitteilen, da wir alle Fl\u00fcge nach Palma de Mallorca \u00fcberwacht haben.<br>\nF\u00fcr den Fall, dass Ihr Flug ZEIT UND NUMMER GE\u00c4NDERT hat, m\u00fcssen Sie uns per E-Mail\noder per Telefon\/Whatsapp kontaktieren.<br>\nF\u00fcr den Fall, dass Ihr Flug STORNIERT wurde, ist es wichtig, dass Sie uns per E-Mail oder per Telefon\/Whatsapp kontaktieren.<\/p>\n\n\n\n<h2 class=\"wp-block-heading faq has-text-color\" style=\"color:#0979b0\">Kann ich meine Reservierung stornieren?<\/h2>\n\n\n\n<p class=\"has-text-color\" style=\"color:#0979b0\">Sie k\u00f6nnen die Reservierung 72 Stunden vor Beginn des Transfers stornieren, Sie m\u00fcssen uns nur die Buchungsnummer und die E-Mail-Adresse mitteilen, die Sie bei der Reservierung angegeben haben. Die Stornierung wird automatisch akzeptiert und wird innerhalb von 72 Stunden nach Erhalt von Mallorca Transfers Pellicer vollst\u00e4ndig erstattet.<br>\nF\u00fcr den Fall, dass die Stornierung in einem k\u00fcrzeren Zeitraum als dem oben genannten\nerfolgt, m\u00fcssen Sie sich telefonisch an Mallorca Transfers Pellicer wenden, der Ihre Anfrage bearbeiten wird.<\/p>\n\n\n\n<h2 class=\"wp-block-heading faq has-text-color\" style=\"color:#011f37\">Andere Informationen<\/h2>\n\n\n\n<p class=\"marginbottom50 has-text-color\" style=\"color:#011f37\">&#8211; Kleinkinder (0-2 Jahre) und Kinder (2-11 Jahre) z\u00e4hlen in allen Fahrzeugen als Passagiere, sobald sie einen Sitzplatz belegt haben. Die Vorschriften erlauben es Kindern nicht, w\u00e4hrend der Fahrt auf Erwachsenen zu sitzen. Wir haben kostenlose Kindersitze und Sitzerh\u00f6hungen f\u00fcr Kindern.<br>\n&#8211; Gep\u00e4ck: Die Reservierung beinhaltet 1 Koffer + 1 Handgep\u00e4ckst\u00fcck pro Passagier.<br> &#8211; Zus\u00e4tzliche Haltestellen: Falls Sie zus\u00e4tzlichen Haltestellen machen m\u00f6chten, falls Sie zum Beispiel Schl\u00fcssel abholen oder zur\u00fcckgeben m\u00fcssen oder wenn Ihre Gruppe in mehr als eine Unterkunft aufgeteilt ist, m\u00fcssen Sie es w\u00e4hrend des Reservierungsprozess im Kommentarbereich oder per E-Mail\/WhatsApp kommunizieren.<br> &#8211; Die Adresse der Zusatzhaltestelle muss am selben Zielort wie die Haupthaltestelle oder innerhalb der Anfangs- und Endroute liegen.<br> &#8211; Die maximale Dauer dieses zus\u00e4tzlichen Halts betr\u00e4gt 5 Minuten, danach fallen zus\u00e4tzliche Kosten von 50 \u20ac\/Stunde an, einschlie\u00dflich Beund Entladen, wenn zum Beispiel Lebensmittel im Supermarkt gekauft werden, und werden nach verbrauchten Minuten abgerechnet. <\/p>\n\n\n\n<p class=\"marginbottom50 has-text-color\" style=\"color:#011f37\"><\/p>\n\n\n\n<div class=\"wp-block-cover alignfull is-light margintop50\"><span aria-hidden=\"true\" class=\"wp-block-cover__background has-background-dim-0 has-background-dim\"><\/span><img loading=\"lazy\" decoding=\"async\" width=\"1200\" height=\"359\" class=\"wp-block-cover__image-background wp-image-111\" alt=\"\" src=\"https:\/\/mallorcatransferspellicer.com\/wp-content\/uploads\/2023\/03\/DSC4181-ret.jpg\" data-object-fit=\"cover\" srcset=\"https:\/\/mallorcatransferspellicer.com\/wp-content\/uploads\/2023\/03\/DSC4181-ret.jpg 1200w, https:\/\/mallorcatransferspellicer.com\/wp-content\/uploads\/2023\/03\/DSC4181-ret-300x90.jpg 300w, https:\/\/mallorcatransferspellicer.com\/wp-content\/uploads\/2023\/03\/DSC4181-ret-1024x306.jpg 1024w, https:\/\/mallorcatransferspellicer.com\/wp-content\/uploads\/2023\/03\/DSC4181-ret-768x230.jpg 768w\" sizes=\"auto, (max-width: 1200px) 100vw, 1200px\" \/><div class=\"wp-block-cover__inner-container is-layout-flow wp-block-cover-is-layout-flow\">\n<p class=\"has-text-align-center has-large-font-size\"><\/p>\n<\/div><\/div>\n","protected":false},"excerpt":{"rendered":"<p>Wie erfolgt die Reservierung? Die Reservierung kann sicher und vollst\u00e4ndig garantiert \u00fcber das RESERVIERUNGSFORMULAR vorgenommen werden. Am Ende des Reservierungsvorgangs erh\u00e4lt der Benutzer eine E-Mail mit allen Details der vorgenommenen Reservierung und den Kontaktdaten des Fahrers. Diese E-Mail ist Ihre Reservierungsgarantie. Sofortige Abholung mit Schild am AIRPORT MEETING POINT\/TREFFPUNKT (GATE C), ohne Wartezeit, und direkter [&hellip;]<\/p>\n","protected":false},"author":2,"featured_media":0,"parent":0,"menu_order":0,"comment_status":"closed","ping_status":"closed","template":"","meta":{"_glsr_average":0,"_glsr_ranking":0,"_glsr_reviews":0,"footnotes":""},"class_list":["post-294","page","type-page","status-publish","hentry"],"_links":{"self":[{"href":"https:\/\/mallorcatransferspellicer.com\/de\/wp-json\/wp\/v2\/pages\/294","targetHints":{"allow":["GET"]}}],"collection":[{"href":"https:\/\/mallorcatransferspellicer.com\/de\/wp-json\/wp\/v2\/pages"}],"about":[{"href":"https:\/\/mallorcatransferspellicer.com\/de\/wp-json\/wp\/v2\/types\/page"}],"author":[{"embeddable":true,"href":"https:\/\/mallorcatransferspellicer.com\/de\/wp-json\/wp\/v2\/users\/2"}],"replies":[{"embeddable":true,"href":"https:\/\/mallorcatransferspellicer.com\/de\/wp-json\/wp\/v2\/comments?post=294"}],"version-history":[{"count":4,"href":"https:\/\/mallorcatransferspellicer.com\/de\/wp-json\/wp\/v2\/pages\/294\/revisions"}],"predecessor-version":[{"id":739,"href":"https:\/\/mallorcatransferspellicer.com\/de\/wp-json\/wp\/v2\/pages\/294\/revisions\/739"}],"wp:attachment":[{"href":"https:\/\/mallorcatransferspellicer.com\/de\/wp-json\/wp\/v2\/media?parent=294"}],"curies":[{"name":"wp","href":"https:\/\/api.w.org\/{rel}","templated":true}]}}