{"id":280,"date":"2023-03-14T11:52:43","date_gmt":"2023-03-14T11:52:43","guid":{"rendered":"https:\/\/mallorcatransferspellicer.com\/?page_id=280"},"modified":"2024-05-22T10:44:55","modified_gmt":"2024-05-22T10:44:55","slug":"ueber-uns","status":"publish","type":"page","link":"https:\/\/mallorcatransferspellicer.com\/de\/ueber-uns\/","title":{"rendered":"\u00dcber uns"},"content":{"rendered":"\n<div class=\"wp-block-cover alignfull fondo\"><span aria-hidden=\"true\" class=\"wp-block-cover__background has-background-dim\" style=\"background-color:#011f37\"><\/span><img loading=\"lazy\" decoding=\"async\" width=\"1200\" height=\"285\" class=\"wp-block-cover__image-background wp-image-728\" alt=\"\" src=\"https:\/\/mallorcatransferspellicer.com\/wp-content\/uploads\/2024\/05\/MTP-0059.jpg\" data-object-fit=\"cover\" srcset=\"https:\/\/mallorcatransferspellicer.com\/wp-content\/uploads\/2024\/05\/MTP-0059.jpg 1200w, https:\/\/mallorcatransferspellicer.com\/wp-content\/uploads\/2024\/05\/MTP-0059-300x71.jpg 300w, https:\/\/mallorcatransferspellicer.com\/wp-content\/uploads\/2024\/05\/MTP-0059-1024x243.jpg 1024w, https:\/\/mallorcatransferspellicer.com\/wp-content\/uploads\/2024\/05\/MTP-0059-768x182.jpg 768w\" sizes=\"auto, (max-width: 1200px) 100vw, 1200px\" \/><div class=\"wp-block-cover__inner-container is-layout-flow wp-block-cover-is-layout-flow\">\n<p class=\"has-text-align-center\" style=\"font-size:30px\">Mallorca Transfers Pellicer ist ein Familienunternehmen mit \u00fcber 22 Jahren Erfahrung, das einen privaten Flughafentransfer mit einem vollst\u00e4ndig personalisierten Service anbietet.<\/p>\n<\/div><\/div>\n\n\n\n<div class=\"wp-block-columns are-vertically-aligned-center margin50 is-layout-flex wp-container-core-columns-is-layout-9d6595d7 wp-block-columns-is-layout-flex\">\n<div class=\"wp-block-column is-vertically-aligned-center is-layout-flow wp-block-column-is-layout-flow\" style=\"flex-basis:40%\">\n<figure class=\"wp-block-image alignfull size-full\"><img loading=\"lazy\" decoding=\"async\" width=\"442\" height=\"295\" src=\"https:\/\/mallorcatransferspellicer.com\/wp-content\/uploads\/2023\/04\/transfers-mallorca-equipo.jpg\" alt=\"\" class=\"wp-image-311\" srcset=\"https:\/\/mallorcatransferspellicer.com\/wp-content\/uploads\/2023\/04\/transfers-mallorca-equipo.jpg 442w, https:\/\/mallorcatransferspellicer.com\/wp-content\/uploads\/2023\/04\/transfers-mallorca-equipo-300x200.jpg 300w\" sizes=\"auto, (max-width: 442px) 100vw, 442px\" \/><\/figure>\n<\/div>\n\n\n\n<div class=\"wp-block-column is-vertically-aligned-center is-layout-flow wp-block-column-is-layout-flow\" style=\"flex-basis:60%\">\n<p>Unsere Fahrer holen Sie am Flughafen ab und bringen Sie, ohne Verz\u00f6gerungen, direkt an Ihr Ziel, in Fahrzeuge, die vollst\u00e4ndig auf Ihre Bed\u00fcrfnisse zugeschnitten sind. Wir haben Kindersitze und Sitzerh\u00f6hungen. Unsere Preise sind Festpreise, ohne zus\u00e4tzliche Kosten\noder unerwartete Zuschl\u00e4ge.<\/p>\n<\/div>\n<\/div>\n\n\n\n<div class=\"wp-block-cover alignfull is-light fondo\"><span aria-hidden=\"true\" class=\"wp-block-cover__background has-background-dim-30 has-background-dim\" style=\"background-color:#968980\"><\/span><img loading=\"lazy\" decoding=\"async\" width=\"1200\" height=\"285\" class=\"wp-block-cover__image-background wp-image-732\" alt=\"\" src=\"https:\/\/mallorcatransferspellicer.com\/wp-content\/uploads\/2024\/05\/MTP-0256.jpg\" data-object-fit=\"cover\" srcset=\"https:\/\/mallorcatransferspellicer.com\/wp-content\/uploads\/2024\/05\/MTP-0256.jpg 1200w, https:\/\/mallorcatransferspellicer.com\/wp-content\/uploads\/2024\/05\/MTP-0256-300x71.jpg 300w, https:\/\/mallorcatransferspellicer.com\/wp-content\/uploads\/2024\/05\/MTP-0256-1024x243.jpg 1024w, https:\/\/mallorcatransferspellicer.com\/wp-content\/uploads\/2024\/05\/MTP-0256-768x182.jpg 768w\" sizes=\"auto, (max-width: 1200px) 100vw, 1200px\" \/><div class=\"wp-block-cover__inner-container is-layout-flow wp-block-cover-is-layout-flow\">\n<p class=\"has-text-align-center has-white-color has-text-color has-link-color wp-elements-fa43915bf243d4f94600b08781e9ad8b\">Unsere Preise sind Festpreise, ohne zus\u00e4tzliche Kosten oder unerwartet<\/p>\n<\/div><\/div>\n\n\n\n<div class=\"wp-block-columns margin50 is-layout-flex wp-container-core-columns-is-layout-9d6595d7 wp-block-columns-is-layout-flex\">\n<div class=\"wp-block-column is-layout-flow wp-block-column-is-layout-flow\">\n<figure class=\"wp-block-image size-full\"><img loading=\"lazy\" decoding=\"async\" width=\"591\" height=\"205\" src=\"https:\/\/mallorcatransferspellicer.com\/wp-content\/uploads\/2023\/04\/mondeo-transfers.jpg\" alt=\"\" class=\"wp-image-330\" srcset=\"https:\/\/mallorcatransferspellicer.com\/wp-content\/uploads\/2023\/04\/mondeo-transfers.jpg 591w, https:\/\/mallorcatransferspellicer.com\/wp-content\/uploads\/2023\/04\/mondeo-transfers-300x104.jpg 300w\" sizes=\"auto, (max-width: 591px) 100vw, 591px\" \/><figcaption class=\"wp-element-caption\">Bis zu 4 Passagiere<br>Mit Sitzerh\u00f6hungen und Kindersitze<br>Heizung\/Klimaanlage<br>Sicherheit und Komfort mit den besten Eigenschaften<\/figcaption><\/figure>\n<\/div>\n\n\n\n<div class=\"wp-block-column margin50 is-layout-flow wp-block-column-is-layout-flow\">\n<figure class=\"wp-block-image size-full\"><img loading=\"lazy\" decoding=\"async\" width=\"1019\" height=\"403\" src=\"https:\/\/mallorcatransferspellicer.com\/wp-content\/uploads\/2023\/04\/vito-transfers.jpg\" alt=\"\" class=\"wp-image-333\" srcset=\"https:\/\/mallorcatransferspellicer.com\/wp-content\/uploads\/2023\/04\/vito-transfers.jpg 1019w, https:\/\/mallorcatransferspellicer.com\/wp-content\/uploads\/2023\/04\/vito-transfers-300x119.jpg 300w, https:\/\/mallorcatransferspellicer.com\/wp-content\/uploads\/2023\/04\/vito-transfers-768x304.jpg 768w\" sizes=\"auto, (max-width: 1019px) 100vw, 1019px\" \/><figcaption class=\"wp-element-caption\">Bis zu 8 Passagiere<br>Mit Sitzerh\u00f6hungen und Kindersitze<br>Heizung\/Klimaanlage<br>Sicherheit und Komfort mit den besten Eigenschaften<\/figcaption><\/figure>\n<\/div>\n<\/div>\n","protected":false},"excerpt":{"rendered":"<p>Unsere Fahrer holen Sie am Flughafen ab und bringen Sie, ohne Verz\u00f6gerungen, direkt an Ihr Ziel, in Fahrzeuge, die vollst\u00e4ndig auf Ihre Bed\u00fcrfnisse zugeschnitten sind. Wir haben Kindersitze und Sitzerh\u00f6hungen. Unsere Preise sind Festpreise, ohne zus\u00e4tzliche Kosten oder unerwartete Zuschl\u00e4ge.<\/p>\n","protected":false},"author":2,"featured_media":0,"parent":0,"menu_order":0,"comment_status":"closed","ping_status":"closed","template":"","meta":{"_glsr_average":0,"_glsr_ranking":0,"_glsr_reviews":0,"footnotes":""},"class_list":["post-280","page","type-page","status-publish","hentry"],"_links":{"self":[{"href":"https:\/\/mallorcatransferspellicer.com\/de\/wp-json\/wp\/v2\/pages\/280","targetHints":{"allow":["GET"]}}],"collection":[{"href":"https:\/\/mallorcatransferspellicer.com\/de\/wp-json\/wp\/v2\/pages"}],"about":[{"href":"https:\/\/mallorcatransferspellicer.com\/de\/wp-json\/wp\/v2\/types\/page"}],"author":[{"embeddable":true,"href":"https:\/\/mallorcatransferspellicer.com\/de\/wp-json\/wp\/v2\/users\/2"}],"replies":[{"embeddable":true,"href":"https:\/\/mallorcatransferspellicer.com\/de\/wp-json\/wp\/v2\/comments?post=280"}],"version-history":[{"count":7,"href":"https:\/\/mallorcatransferspellicer.com\/de\/wp-json\/wp\/v2\/pages\/280\/revisions"}],"predecessor-version":[{"id":748,"href":"https:\/\/mallorcatransferspellicer.com\/de\/wp-json\/wp\/v2\/pages\/280\/revisions\/748"}],"wp:attachment":[{"href":"https:\/\/mallorcatransferspellicer.com\/de\/wp-json\/wp\/v2\/media?parent=280"}],"curies":[{"name":"wp","href":"https:\/\/api.w.org\/{rel}","templated":true}]}}